{"id":2368,"date":"2023-06-21T18:26:07","date_gmt":"2023-06-21T16:26:07","guid":{"rendered":"https:\/\/cellybyidh.ch\/produit\/privacy-3d-glass-iphone-11-pro-black\/"},"modified":"2023-06-21T18:26:07","modified_gmt":"2023-06-21T16:26:07","slug":"privacy-3d-glass-iphone-11-pro-black","status":"publish","type":"product","link":"https:\/\/cellybyidh.ch\/de\/produit\/privacy-3d-glass-iphone-11-pro-black\/","title":{"rendered":"PRIVACY 3D GLASS iPhone 11 PRO Black"},"content":{"rendered":"<p>Sch\u00fctzen Sie Ihr Smartphone und halten Sie Ihre Daten sicher! Privacy 3D Glas ist das zus\u00e4tzliche Glas, das Ihr Smartphone und Ihre Daten sch\u00fctzt.3D Glas passt perfekt zu Ihrem Smartphone, 100% pr\u00e4zise Gr\u00f6\u00dfe volle Abdeckung Rand zu Rand. Abgerundete Kanten helfen, St\u00f6\u00dfe bei St\u00f6\u00dfen und St\u00fcrzen abzufangen. Die Qualit\u00e4t und die H\u00e4rte (9H) des geh\u00e4rteten Glases garantieren den besten Schutz gegen Kratzer und Schrammen bei einer Dicke von nur 0,3 mm. Schnelle, blasenfreie Anwendung mit dem in der Packung enthaltenen pr\u00e4ventiven Bildschirmreinigungsset. Sch\u00fctzen Sie Ihre Daten dank der 2-Wege-Privatsph\u00e4ren-Technologie: Das Display ist nur sichtbar, wenn Sie davor stehen, nicht aber, wenn sich jemand daneben befindet.<\/p>\n","protected":false},"excerpt":{"rendered":"<p>PRIVACY3D1000BK<\/p>\n","protected":false},"featured_media":1494,"template":"","meta":{"ocean_post_layout":"","ocean_both_sidebars_style":"","ocean_both_sidebars_content_width":0,"ocean_both_sidebars_sidebars_width":0,"ocean_sidebar":"0","ocean_second_sidebar":"0","ocean_disable_margins":"enable","ocean_add_body_class":"","ocean_shortcode_before_top_bar":"","ocean_shortcode_after_top_bar":"","ocean_shortcode_before_header":"","ocean_shortcode_after_header":"","ocean_has_shortcode":"","ocean_shortcode_after_title":"","ocean_shortcode_before_footer_widgets":"","ocean_shortcode_after_footer_widgets":"","ocean_shortcode_before_footer_bottom":"","ocean_shortcode_after_footer_bottom":"","ocean_display_top_bar":"default","ocean_display_header":"default","ocean_header_style":"","ocean_center_header_left_menu":"0","ocean_custom_header_template":"0","ocean_custom_logo":0,"ocean_custom_retina_logo":0,"ocean_custom_logo_max_width":0,"ocean_custom_logo_tablet_max_width":0,"ocean_custom_logo_mobile_max_width":0,"ocean_custom_logo_max_height":0,"ocean_custom_logo_tablet_max_height":0,"ocean_custom_logo_mobile_max_height":0,"ocean_header_custom_menu":"0","ocean_menu_typo_font_family":"0","ocean_menu_typo_font_subset":"","ocean_menu_typo_font_size":0,"ocean_menu_typo_font_size_tablet":0,"ocean_menu_typo_font_size_mobile":0,"ocean_menu_typo_font_size_unit":"px","ocean_menu_typo_font_weight":"","ocean_menu_typo_font_weight_tablet":"","ocean_menu_typo_font_weight_mobile":"","ocean_menu_typo_transform":"","ocean_menu_typo_transform_tablet":"","ocean_menu_typo_transform_mobile":"","ocean_menu_typo_line_height":0,"ocean_menu_typo_line_height_tablet":0,"ocean_menu_typo_line_height_mobile":0,"ocean_menu_typo_line_height_unit":"","ocean_menu_typo_spacing":0,"ocean_menu_typo_spacing_tablet":0,"ocean_menu_typo_spacing_mobile":0,"ocean_menu_typo_spacing_unit":"","ocean_menu_link_color":"","ocean_menu_link_color_hover":"","ocean_menu_link_color_active":"","ocean_menu_link_background":"","ocean_menu_link_hover_background":"","ocean_menu_link_active_background":"","ocean_menu_social_links_bg":"","ocean_menu_social_hover_links_bg":"","ocean_menu_social_links_color":"","ocean_menu_social_hover_links_color":"","ocean_disable_title":"default","ocean_disable_heading":"default","ocean_post_title":"","ocean_post_subheading":"","ocean_post_title_style":"","ocean_post_title_background_color":"","ocean_post_title_background":0,"ocean_post_title_bg_image_position":"","ocean_post_title_bg_image_attachment":"","ocean_post_title_bg_image_repeat":"","ocean_post_title_bg_image_size":"","ocean_post_title_height":0,"ocean_post_title_bg_overlay":0.5,"ocean_post_title_bg_overlay_color":"","ocean_disable_breadcrumbs":"default","ocean_breadcrumbs_color":"","ocean_breadcrumbs_separator_color":"","ocean_breadcrumbs_links_color":"","ocean_breadcrumbs_links_hover_color":"","ocean_display_footer_widgets":"default","ocean_display_footer_bottom":"default","ocean_custom_footer_template":"0"},"product_brand":[],"product_cat":[98],"product_tag":[77,149],"class_list":{"0":"post-2368","1":"product","2":"type-product","3":"status-publish","4":"has-post-thumbnail","6":"product_cat-displayschutzfolie-fur-apple","7":"product_tag-apple-de","8":"product_tag-privacy-3d-glass-de","10":"entry","11":"has-media","13":"first","14":"instock","15":"shipping-taxable","16":"purchasable","17":"product-type-simple","18":"col","19":"span_1_of_4","20":"owp-content-center","21":"item-entry","22":"owp-thumbs-layout-horizontal","23":"owp-btn-normal","24":"owp-tabs-layout-section","25":"circle-sale"},"_links":{"self":[{"href":"https:\/\/cellybyidh.ch\/de\/wp-json\/wp\/v2\/product\/2368","targetHints":{"allow":["GET"]}}],"collection":[{"href":"https:\/\/cellybyidh.ch\/de\/wp-json\/wp\/v2\/product"}],"about":[{"href":"https:\/\/cellybyidh.ch\/de\/wp-json\/wp\/v2\/types\/product"}],"wp:featuredmedia":[{"embeddable":true,"href":"https:\/\/cellybyidh.ch\/de\/wp-json\/wp\/v2\/media\/1494"}],"wp:attachment":[{"href":"https:\/\/cellybyidh.ch\/de\/wp-json\/wp\/v2\/media?parent=2368"}],"wp:term":[{"taxonomy":"product_brand","embeddable":true,"href":"https:\/\/cellybyidh.ch\/de\/wp-json\/wp\/v2\/product_brand?post=2368"},{"taxonomy":"product_cat","embeddable":true,"href":"https:\/\/cellybyidh.ch\/de\/wp-json\/wp\/v2\/product_cat?post=2368"},{"taxonomy":"product_tag","embeddable":true,"href":"https:\/\/cellybyidh.ch\/de\/wp-json\/wp\/v2\/product_tag?post=2368"}],"curies":[{"name":"wp","href":"https:\/\/api.w.org\/{rel}","templated":true}]}}